
{"id":3240,"date":"2018-08-23T18:09:40","date_gmt":"2018-08-23T16:09:40","guid":{"rendered":"http:\/\/www.katanyarady.com\/?page_id=3240"},"modified":"2021-10-21T11:02:29","modified_gmt":"2021-10-21T09:02:29","slug":"contact","status":"publish","type":"page","link":"http:\/\/katanyarady.com\/index.php\/contact\/","title":{"rendered":"Contact"},"content":{"rendered":"<p style=\"text-align: center;\"><strong>Kata V\u00e9tek-Ny\u00e1r\u00e1dy<\/strong><\/p>\n<p style=\"text-align: center;\">littlemyphoto@gmail.com<\/p>\n<p style=\"text-align: center;\"><a href=\"https:\/\/api.whatsapp.com\/send?phone=4915152166889\">WhatsApp<\/a><\/p>\n<p style=\"text-align: center;\">Nuremberg, Germany<\/p>\n<p style=\"text-align: center;\"><a href=\"http:\/\/www.katanyarady.com\/wp-uploads\/2018\/08\/favicon.png\"><img loading=\"lazy\" decoding=\"async\" class=\"alignnone wp-image-3198 size-thumbnail\" src=\"http:\/\/www.katanyarady.com\/wp-uploads\/2018\/08\/favicon-150x150.png\" alt=\"\" width=\"150\" height=\"150\" \/><\/a><\/p>\n<h2>Impressum<\/h2>\n<p>Angaben gem \u00c2\u00a7 5 TMG<\/p>\n<p><strong>Little My Photo<\/strong><br \/>\nMatthias Erzberger Strasse 26<br \/>\n90455 N\u00fcrnberg<\/p>\n<p>E-Mail: <a href=\"mailto:littlemyphoto@gmail.com\" target=\"_blank\" rel=\"noopener noreferrer\">littlemyphoto@gmail.com<\/a><\/p>\n<p><b>Vertretung durch<\/b><br \/>\nLittle My Photo<br \/>\nMatthias Erzberger Strasse 26<br \/>\n90455 N\u00fcrnberg<br \/>\n<strong>Kata V\u00e9tek-Ny\u00e1r\u00e1dy<\/strong><\/p>\n<p>Umsatzsteuer-<wbr \/>Identifikationsnummer gem. \u00c2\u00a7 27 a UStG: 240\/283\/10508<\/p>\n<p><strong>Berufsbezogene Angaben<\/strong><br \/>\nDie Berufsbezeichnung lautet Fotografin und wurde verliehen in Deutschland. Es gelten folgende berufsrechtliche Regelungen Handwerksordnung HWO<\/p>\n<p>Die Europ\u00c3\u00a4ische Kommission stellt eine Plattform f\u00c3\u00bcr die au\u00c3\u0178ergerichtliche Online-Streitbeilegung (OS-Plattform) bereit, die Sie unter\u00c2\u00a0<a href=\"https:\/\/webgate.ec.europa.eu\/odr\/\" target=\"_blank\" rel=\"noopener noreferrer\" data-saferedirecturl=\"https:\/\/www.google.com\/url?q=https:\/\/webgate.ec.europa.eu\/odr\/&amp;source=gmail&amp;ust=1550005446032000&amp;usg=AFQjCNHo3gVDRYvUhko7Ux8TLGoG41J85g\">https:\/\/webgate.ec.<wbr \/>europa.eu\/odr\/<\/a>\u00c2\u00a0erreichen. Unsere E-Mail-Adresse finden Sie in unserem Impressum.<\/p>\n<p>Quelle:\u00c2\u00a0<a href=\"http:\/\/www.medienrecht-urheberrecht.de\/\" target=\"_blank\" rel=\"noopener noreferrer\" data-saferedirecturl=\"https:\/\/www.google.com\/url?q=http:\/\/www.medienrecht-urheberrecht.de\/&amp;source=gmail&amp;ust=1550005446032000&amp;usg=AFQjCNG_ZATf_BenLBkTSPbA_WVX2tO_OQ\">www.medienrecht-<wbr \/>urheberrecht.de<\/a><\/p>\n<p style=\"text-align: center;\">\n","protected":false},"excerpt":{"rendered":"<p>Kata V\u00e9tek-Ny\u00e1r\u00e1dy littlemyphoto@gmail.com WhatsApp Nuremberg, Germany Impressum Angaben gem \u00c2\u00a7 5 TMG Little My Photo Matthias Erzberger Strasse 26 90455 N\u00fcrnberg E-Mail: littlemyphoto@gmail.com Vertretung durch Little My Photo Matthias Erzberger Strasse 26 90455 N\u00fcrnberg Kata V\u00e9tek-Ny\u00e1r\u00e1dy Umsatzsteuer-Identifikationsnummer gem. \u00c2\u00a7 27 a UStG: 240\/283\/10508 Berufsbezogene Angaben&nbsp;<a class=\"read-more\" href=\"http:\/\/katanyarady.com\/index.php\/contact\/\">&hellip;<\/a><\/p>\n","protected":false},"author":2,"featured_media":0,"parent":0,"menu_order":0,"comment_status":"closed","ping_status":"closed","template":"template-full.php","meta":{"footnotes":""},"class_list":["post-3240","page","type-page","status-publish","hentry"],"_links":{"self":[{"href":"http:\/\/katanyarady.com\/index.php\/wp-json\/wp\/v2\/pages\/3240","targetHints":{"allow":["GET"]}}],"collection":[{"href":"http:\/\/katanyarady.com\/index.php\/wp-json\/wp\/v2\/pages"}],"about":[{"href":"http:\/\/katanyarady.com\/index.php\/wp-json\/wp\/v2\/types\/page"}],"author":[{"embeddable":true,"href":"http:\/\/katanyarady.com\/index.php\/wp-json\/wp\/v2\/users\/2"}],"replies":[{"embeddable":true,"href":"http:\/\/katanyarady.com\/index.php\/wp-json\/wp\/v2\/comments?post=3240"}],"version-history":[{"count":18,"href":"http:\/\/katanyarady.com\/index.php\/wp-json\/wp\/v2\/pages\/3240\/revisions"}],"predecessor-version":[{"id":4034,"href":"http:\/\/katanyarady.com\/index.php\/wp-json\/wp\/v2\/pages\/3240\/revisions\/4034"}],"wp:attachment":[{"href":"http:\/\/katanyarady.com\/index.php\/wp-json\/wp\/v2\/media?parent=3240"}],"curies":[{"name":"wp","href":"https:\/\/api.w.org\/{rel}","templated":true}]}}